{"id":3768,"date":"2024-01-10T19:16:13","date_gmt":"2024-01-10T19:16:13","guid":{"rendered":"https:\/\/sayinsudigital.com\/nese-yoko-sayinsu\/"},"modified":"2024-11-21T13:12:54","modified_gmt":"2024-11-21T13:12:54","slug":"nese-yoko-sayinsu","status":"publish","type":"page","link":"https:\/\/sayinsudigital.com\/en\/about-us\/nese-yoko-sayinsu\/","title":{"rendered":"Ne\u015fe Yoko Say\u0131nsu"},"content":{"rendered":"\t\t<div data-elementor-type=\"wp-page\" data-elementor-id=\"3768\" class=\"elementor elementor-3768\" data-elementor-post-type=\"page\">\n\t\t\t\t<div class=\"elementor-element elementor-element-a964d29 e-flex e-con-boxed e-con e-parent\" data-id=\"a964d29\" data-element_type=\"container\">\n\t\t\t\t\t<div class=\"e-con-inner\">\n\t\t<div class=\"elementor-element elementor-element-6fd3e39 e-con-full e-flex e-con e-child\" data-id=\"6fd3e39\" data-element_type=\"container\" data-settings=\"{&quot;sticky&quot;:&quot;top&quot;,&quot;sticky_offset&quot;:140,&quot;sticky_parent&quot;:&quot;yes&quot;,&quot;sticky_on&quot;:[&quot;desktop&quot;,&quot;laptop&quot;,&quot;tablet&quot;],&quot;sticky_effects_offset&quot;:0}\">\n\t\t\t\t<div class=\"elementor-element elementor-element-161d6f8 elementor-widget elementor-widget-spacer\" data-id=\"161d6f8\" data-element_type=\"widget\" data-widget_type=\"spacer.default\">\n\t\t\t\t<div class=\"elementor-widget-container\">\n\t\t\t\t\t<div class=\"elementor-spacer\">\n\t\t\t<div class=\"elementor-spacer-inner\"><\/div>\n\t\t<\/div>\n\t\t\t\t<\/div>\n\t\t\t\t<\/div>\n\t\t\t\t<div class=\"elementor-element elementor-element-021a558 elementor-widget elementor-widget-image\" data-id=\"021a558\" data-element_type=\"widget\" data-widget_type=\"image.default\">\n\t\t\t\t<div class=\"elementor-widget-container\">\n\t\t\t\t\t\t\t\t\t\t\t\t\t<img fetchpriority=\"high\" decoding=\"async\" width=\"607\" height=\"618\" src=\"https:\/\/sayinsudigital.com\/wp-content\/uploads\/2024\/01\/NSayinsu.png\" class=\"attachment-full size-full wp-image-2372\" alt=\"\" srcset=\"https:\/\/sayinsudigital.com\/wp-content\/uploads\/2024\/01\/NSayinsu.png 607w, https:\/\/sayinsudigital.com\/wp-content\/uploads\/2024\/01\/NSayinsu-295x300.png 295w\" sizes=\"(max-width: 607px) 100vw, 607px\" \/>\t\t\t\t\t\t\t\t\t\t\t\t\t<\/div>\n\t\t\t\t<\/div>\n\t\t\t\t<div class=\"elementor-element elementor-element-754588a elementor-widget elementor-widget-heading\" data-id=\"754588a\" data-element_type=\"widget\" data-widget_type=\"heading.default\">\n\t\t\t\t<div class=\"elementor-widget-container\">\n\t\t\t<h2 class=\"elementor-heading-title elementor-size-default\">Assist. Assoc. Prof. Dr. <br>Ne\u015fe Yoko Say\u0131nsu<\/h2>\t\t<\/div>\n\t\t\t\t<\/div>\n\t\t\t\t<div class=\"elementor-element elementor-element-9ebad4f elementor-shape-rounded elementor-grid-0 e-grid-align-center elementor-widget elementor-widget-social-icons\" data-id=\"9ebad4f\" data-element_type=\"widget\" data-widget_type=\"social-icons.default\">\n\t\t\t\t<div class=\"elementor-widget-container\">\n\t\t\t\t\t<div class=\"elementor-social-icons-wrapper elementor-grid\">\n\t\t\t\t\t\t\t<span class=\"elementor-grid-item\">\n\t\t\t\t\t<a class=\"elementor-icon elementor-social-icon elementor-social-icon-instagram elementor-repeater-item-9c9afae\" target=\"_blank\">\n\t\t\t\t\t\t<span class=\"elementor-screen-only\">Instagram<\/span>\n\t\t\t\t\t\t<svg class=\"e-font-icon-svg e-fab-instagram\" viewBox=\"0 0 448 512\" xmlns=\"http:\/\/www.w3.org\/2000\/svg\"><path d=\"M224.1 141c-63.6 0-114.9 51.3-114.9 114.9s51.3 114.9 114.9 114.9S339 319.5 339 255.9 287.7 141 224.1 141zm0 189.6c-41.1 0-74.7-33.5-74.7-74.7s33.5-74.7 74.7-74.7 74.7 33.5 74.7 74.7-33.6 74.7-74.7 74.7zm146.4-194.3c0 14.9-12 26.8-26.8 26.8-14.9 0-26.8-12-26.8-26.8s12-26.8 26.8-26.8 26.8 12 26.8 26.8zm76.1 27.2c-1.7-35.9-9.9-67.7-36.2-93.9-26.2-26.2-58-34.4-93.9-36.2-37-2.1-147.9-2.1-184.9 0-35.8 1.7-67.6 9.9-93.9 36.1s-34.4 58-36.2 93.9c-2.1 37-2.1 147.9 0 184.9 1.7 35.9 9.9 67.7 36.2 93.9s58 34.4 93.9 36.2c37 2.1 147.9 2.1 184.9 0 35.9-1.7 67.7-9.9 93.9-36.2 26.2-26.2 34.4-58 36.2-93.9 2.1-37 2.1-147.8 0-184.8zM398.8 388c-7.8 19.6-22.9 34.7-42.6 42.6-29.5 11.7-99.5 9-132.1 9s-102.7 2.6-132.1-9c-19.6-7.8-34.7-22.9-42.6-42.6-11.7-29.5-9-99.5-9-132.1s-2.6-102.7 9-132.1c7.8-19.6 22.9-34.7 42.6-42.6 29.5-11.7 99.5-9 132.1-9s102.7-2.6 132.1 9c19.6 7.8 34.7 22.9 42.6 42.6 11.7 29.5 9 99.5 9 132.1s2.7 102.7-9 132.1z\"><\/path><\/svg>\t\t\t\t\t<\/a>\n\t\t\t\t<\/span>\n\t\t\t\t\t\t\t<span class=\"elementor-grid-item\">\n\t\t\t\t\t<a class=\"elementor-icon elementor-social-icon elementor-social-icon-twitter elementor-repeater-item-4d9e269\" target=\"_blank\">\n\t\t\t\t\t\t<span class=\"elementor-screen-only\">Twitter<\/span>\n\t\t\t\t\t\t<svg class=\"e-font-icon-svg e-fab-twitter\" viewBox=\"0 0 512 512\" xmlns=\"http:\/\/www.w3.org\/2000\/svg\"><path d=\"M459.37 151.716c.325 4.548.325 9.097.325 13.645 0 138.72-105.583 298.558-298.558 298.558-59.452 0-114.68-17.219-161.137-47.106 8.447.974 16.568 1.299 25.34 1.299 49.055 0 94.213-16.568 130.274-44.832-46.132-.975-84.792-31.188-98.112-72.772 6.498.974 12.995 1.624 19.818 1.624 9.421 0 18.843-1.3 27.614-3.573-48.081-9.747-84.143-51.98-84.143-102.985v-1.299c13.969 7.797 30.214 12.67 47.431 13.319-28.264-18.843-46.781-51.005-46.781-87.391 0-19.492 5.197-37.36 14.294-52.954 51.655 63.675 129.3 105.258 216.365 109.807-1.624-7.797-2.599-15.918-2.599-24.04 0-57.828 46.782-104.934 104.934-104.934 30.213 0 57.502 12.67 76.67 33.137 23.715-4.548 46.456-13.32 66.599-25.34-7.798 24.366-24.366 44.833-46.132 57.827 21.117-2.273 41.584-8.122 60.426-16.243-14.292 20.791-32.161 39.308-52.628 54.253z\"><\/path><\/svg>\t\t\t\t\t<\/a>\n\t\t\t\t<\/span>\n\t\t\t\t\t\t\t<span class=\"elementor-grid-item\">\n\t\t\t\t\t<a class=\"elementor-icon elementor-social-icon elementor-social-icon-linkedin elementor-repeater-item-43379f2\" target=\"_blank\">\n\t\t\t\t\t\t<span class=\"elementor-screen-only\">Linkedin<\/span>\n\t\t\t\t\t\t<svg class=\"e-font-icon-svg e-fab-linkedin\" viewBox=\"0 0 448 512\" xmlns=\"http:\/\/www.w3.org\/2000\/svg\"><path d=\"M416 32H31.9C14.3 32 0 46.5 0 64.3v383.4C0 465.5 14.3 480 31.9 480H416c17.6 0 32-14.5 32-32.3V64.3c0-17.8-14.4-32.3-32-32.3zM135.4 416H69V202.2h66.5V416zm-33.2-243c-21.3 0-38.5-17.3-38.5-38.5S80.9 96 102.2 96c21.2 0 38.5 17.3 38.5 38.5 0 21.3-17.2 38.5-38.5 38.5zm282.1 243h-66.4V312c0-24.8-.5-56.7-34.5-56.7-34.6 0-39.9 27-39.9 54.9V416h-66.4V202.2h63.7v29.2h.9c8.9-16.8 30.6-34.5 62.9-34.5 67.2 0 79.7 44.3 79.7 101.9V416z\"><\/path><\/svg>\t\t\t\t\t<\/a>\n\t\t\t\t<\/span>\n\t\t\t\t\t<\/div>\n\t\t\t\t<\/div>\n\t\t\t\t<\/div>\n\t\t\t\t<div class=\"elementor-element elementor-element-ae7b929 elementor-widget elementor-widget-text-editor\" data-id=\"ae7b929\" data-element_type=\"widget\" data-widget_type=\"text-editor.default\">\n\t\t\t\t<div class=\"elementor-widget-container\">\n\t\t\t\t\t\t\t<p><a href=\"#articles\">Articles<\/a><\/p><p><a href=\"#proceed\">Proceedings<\/a><\/p><p><a href=\"#cibs\">Chapters in Books<\/a><\/p>\t\t\t\t\t\t<\/div>\n\t\t\t\t<\/div>\n\t\t\t\t<div class=\"elementor-element elementor-element-8892de0 elementor-widget elementor-widget-spacer\" data-id=\"8892de0\" data-element_type=\"widget\" data-widget_type=\"spacer.default\">\n\t\t\t\t<div class=\"elementor-widget-container\">\n\t\t\t\t\t<div class=\"elementor-spacer\">\n\t\t\t<div class=\"elementor-spacer-inner\"><\/div>\n\t\t<\/div>\n\t\t\t\t<\/div>\n\t\t\t\t<\/div>\n\t\t\t\t<\/div>\n\t\t<div class=\"elementor-element elementor-element-66a7923 e-con-full e-flex e-con e-child\" data-id=\"66a7923\" data-element_type=\"container\">\n\t\t\t\t<div class=\"elementor-element elementor-element-1aac70f elementor-widget elementor-widget-text-editor\" data-id=\"1aac70f\" data-element_type=\"widget\" data-widget_type=\"text-editor.default\">\n\t\t\t\t<div class=\"elementor-widget-container\">\n\t\t\t\t\t\t\t<p>She was born in 1983 in Istanbul. She attended secondary and high school at Istanbul High School between 1994-2002. In 2007, he graduated from Istanbul University Faculty of Dentistry with the second degree and started orthodontics doctorate programme at Yeditepe University Faculty of Dentistry, Department of Orthodontics in the same year.<\/p><p>In 2011, she submitted her doctoral thesis on \u2018In-Vitro Evaluation of Colour Changes that may occur with Different Enamel Roughening Methods\u2019 and received her Orthodontic Specialty certificate from the Ministry of Health. Between 2015-2018, she worked as a faculty member at Alt\u0131nba\u015f University Faculty of Dentistry, Department of Orthodontics and received the title of Assistant Professor in 2016.<\/p><p>She speaks German, English and Japanese.<\/p>\t\t\t\t\t\t<\/div>\n\t\t\t\t<\/div>\n\t\t\t\t<div class=\"elementor-element elementor-element-bf907ba elementor-widget elementor-widget-heading\" data-id=\"bf907ba\" data-element_type=\"widget\" id=\"articles\" data-widget_type=\"heading.default\">\n\t\t\t\t<div class=\"elementor-widget-container\">\n\t\t\t<h3 class=\"elementor-heading-title elementor-size-default\">Articles Published in International Refereed Journals (SCI Expanded)<\/h3>\t\t<\/div>\n\t\t\t\t<\/div>\n\t\t\t\t<div class=\"elementor-element elementor-element-3c7672e elementor-widget elementor-widget-text-editor\" data-id=\"3c7672e\" data-element_type=\"widget\" data-widget_type=\"text-editor.default\">\n\t\t\t\t<div class=\"elementor-widget-container\">\n\t\t\t\t\t\t\t<p>O\u0308zdemir F, Cakan U,\u00a0<strong>Go\u0308nu\u0308l N<\/strong>, Germec\u0327 Cakan D. \u201dOrthodontic bonding to acid- or laser-etched prebleached enamel\u201d, Korean J Orthod. Jun;43(3):141-6, 2013. doi: 10.4041\/kjod.2013.43.3.141.<\/p><p><strong>Uluslararas\u0131 bilimsel toplant\u0131larda sunulan ve bildiri kitab\u0131nda\u00a0<em>(Proceedings)\u00a0<\/em>bas\u0131lan bildiriler<\/strong><\/p><ol><li>Germec\u0327 C\u0327akan D, Can Say E, <strong>Go\u0308nu\u0308l N<\/strong>. \u201d Treatment modalities in anterior tooth size discrepancy: Stripping vs. direct adhesive restoration\u201d,\u00a0<em>111<\/em><em>th\u00a0<\/em><em>Annual Session of the American Association of Orthodontists (AAO)<\/em>, Bildiri Kitapc\u0327\u0131g\u0306\u0131, Poster sunumu, 232, Chicago, ABD, May\u0131s 2011.<\/li><li><strong style=\"font-size: 16px;\">Go\u0308nu\u0308l N, <\/strong><span style=\"font-size: 16px;\">Nalbantgil D, Is\u0327\u0131k F. \u201dIn vitro evaluation of possible color changes associated with enamel etching methods\u201d,\u00a0<\/span><em style=\"font-size: 16px;\">88th Congress of European Orthodontic Society (EOS)<\/em><span style=\"font-size: 16px;\">, Bildiri Kitapc\u0327\u0131g\u0306\u0131, Poster sunumu, 231, Santiago de Compostela, I\u0307spanya, Haziran 2012.<\/span><\/li><\/ol>\t\t\t\t\t\t<\/div>\n\t\t\t\t<\/div>\n\t\t\t\t<div class=\"elementor-element elementor-element-6107061 elementor-widget elementor-widget-heading\" data-id=\"6107061\" data-element_type=\"widget\" data-widget_type=\"heading.default\">\n\t\t\t\t<div class=\"elementor-widget-container\">\n\t\t\t<h3 class=\"elementor-heading-title elementor-size-default\">Articles Published in National Refereed Journals<\/h3>\t\t<\/div>\n\t\t\t\t<\/div>\n\t\t\t\t<div class=\"elementor-element elementor-element-3cf9fc4 elementor-widget elementor-widget-text-editor\" data-id=\"3cf9fc4\" data-element_type=\"widget\" data-widget_type=\"text-editor.default\">\n\t\t\t\t<div class=\"elementor-widget-container\">\n\t\t\t\t\t\t\t<ol><li>Nalbantgil D, <strong>Go\u0308nu\u0308l N,\u00a0<\/strong>Arun T. \u201dOrtodontik Anomaliler ve Konus\u0327ma Bozuklug\u0306u I\u0307lis\u0327kisi\u201d, Tu\u0308rk Ortodonti Dergisi, 24, 74-80, 2011.<\/li><li><strong style=\"font-size: 16px;\">G\u00f6n\u00fcl NY<\/strong><span style=\"font-size: 16px;\">, Say\u0131nsu K .Treatment of a Class II Patient with Four Premolar Extractions and Driftodontics in the Lower Jaw.Turk J Orthod,30: 89-100, 2017.<\/span><\/li><li>Burgaz MA, <strong style=\"font-size: 16px;\">G\u00f6n\u00fcl NY<\/strong><span style=\"font-size: 16px;\">, Say\u0131nsu K. \u201dOrtodontik Biyomateryallerde G\u00fcncel Yakla\u015f\u0131mlar: Ark Telleri\u201d, T\u00fcrkiye Klinikleri J Restor Dent-Special Topics. 4(1):33-9, 2018.<\/span><\/li><\/ol>\t\t\t\t\t\t<\/div>\n\t\t\t\t<\/div>\n\t\t\t\t<div class=\"elementor-element elementor-element-7e0a23c elementor-widget elementor-widget-heading\" data-id=\"7e0a23c\" data-element_type=\"widget\" id=\"proceed\" data-widget_type=\"heading.default\">\n\t\t\t\t<div class=\"elementor-widget-container\">\n\t\t\t<h3 class=\"elementor-heading-title elementor-size-default\">Papers Presented at National Scientific Meetings and Published in Proceedings:<\/h3>\t\t<\/div>\n\t\t\t\t<\/div>\n\t\t\t\t<div class=\"elementor-element elementor-element-cbc7487 elementor-widget elementor-widget-text-editor\" data-id=\"cbc7487\" data-element_type=\"widget\" data-widget_type=\"text-editor.default\">\n\t\t\t\t<div class=\"elementor-widget-container\">\n\t\t\t\t\t\t\t<ol><li>Germec\u0327 C\u0327akan D, <strong>Go\u0308nu\u0308l N<\/strong>, Can Say E. \u201dAnterior Dis\u0327 Boyut Uyumsuzlug\u0306unda Tedavi Yaklas\u0327\u0131mlar\u0131: Mo\u0308llemeye Kars\u0327\u0131 Direkt Adeziv Restorasyon\u201d,\u00a0<em>12. Tu\u0308rk Ortodonti Derneg\u0306i Kongresi<\/em>, Bildiri Kitapc\u0327\u0131g\u0306\u0131, 179, Ankara, Tu\u0308rkiye, Ekim 2010.<\/li><li>Tozlu M, Yu\u0308cel SE, <strong style=\"font-size: 16px;\">Go\u0308nu\u0308l N,\u00a0<\/strong><span style=\"font-size: 16px;\">Germec\u0327 C\u0327akan D. \u201dS\u0131n\u0131f III maloklu\u0308zyonun minivida destekli mekanikler ile tedavisi-Olgu sunumu\u201d,\u00a0<\/span><em style=\"font-size: 16px;\">13. Uluslararas\u0131 Tu\u0308rk Ortodonti Derneg\u0306i Sempozyumu<\/em><span style=\"font-size: 16px;\">, Poster sunumu, Bildiri Kitapc\u0327\u0131g\u0306\u0131, 211, I\u0307stanbul, Kas\u0131m 2013.<\/span><\/li><li>Germec\u0327 C\u0327akan D., Karadede B, <strong style=\"font-size: 16px;\">Go\u0308nu\u0308l N<\/strong><span style=\"font-size: 16px;\">, C\u0327elebiler O\u0308, Durmus\u0327 Kocaaslan N. \u201dBilateral dudak damak yar\u0131kl\u0131 hastada asimetrik maksiller distraksiyon\u201d, Dudak damak yar\u0131klar\u0131 derneg\u0306i 1.Kongresi, So\u0308zlu\u0308 sunum, Bildiri Kitapc\u0327\u0131g\u0306\u0131, 19, Kapadokya, 28-30 Kas\u0131m 2014.<\/span><\/li><li><strong style=\"font-size: 16px;\">Say\u0131nsu NY<\/strong><span style=\"font-size: 16px;\">, Erayd\u0131n F, G\u00fczel Z, Nizam B, \u00c7akan DG, Say\u0131nsu K .C\u0327ift C\u0327ene Ortognatik Cerrahi Sonras\u0131 Yumus\u0327ak Doku S\u0327is\u0327lig\u0306inin Prospektif Hacimsel Deg\u0306erlendirmesi\u2019\u2019\u00a0<\/span><em style=\"font-size: 16px;\">16. Tu\u0308rk Ortodonti Derneg\u0306i Kongresi<\/em><span style=\"font-size: 16px;\">, Poster sunumu, Bildiri Kitapc\u0327\u0131g\u0306\u0131, 52, \u0130zmir, Tu\u0308rkiye, Ekim 2018. (Ara\u015ft\u0131rma poster 3.l\u00fck \u00f6d\u00fcll\u00fc)<\/span><\/li><\/ol>\t\t\t\t\t\t<\/div>\n\t\t\t\t<\/div>\n\t\t\t\t<div class=\"elementor-element elementor-element-ff388f7 elementor-widget elementor-widget-heading\" data-id=\"ff388f7\" data-element_type=\"widget\" id=\"cibs\" data-widget_type=\"heading.default\">\n\t\t\t\t<div class=\"elementor-widget-container\">\n\t\t\t<h3 class=\"elementor-heading-title elementor-size-default\">Chapters Written in Books:<\/h3>\t\t<\/div>\n\t\t\t\t<\/div>\n\t\t\t\t<div class=\"elementor-element elementor-element-5cf2054 elementor-widget elementor-widget-text-editor\" data-id=\"5cf2054\" data-element_type=\"widget\" data-widget_type=\"text-editor.default\">\n\t\t\t\t<div class=\"elementor-widget-container\">\n\t\t\t\t\t\t\t<p>Say\u0131nsu K,\u00a0<strong>Say\u0131nsu NY.,<\/strong>\u00a0\u2018\u2019Ortognatik Cerrahi Haz\u0131rl\u0131\u011f\u0131nda Do\u011fal Ba\u015f Oryantasyonunun Sefalometrik Analiz ve Model Cerrahisi Ortamlar\u0131na Aktar\u0131lmas\u0131 Protokol\u00fc\u2019\u2019. Ar\u0131 Demirkaya A., edit\u00f6r. Ortognatik Cerrahi. 1. Bask\u0131. Ankara: T\u00fcrkiye Klinikleri; 2019. p.14-22.<\/p>\t\t\t\t\t\t<\/div>\n\t\t\t\t<\/div>\n\t\t\t\t<\/div>\n\t\t\t\t\t<\/div>\n\t\t\t\t<\/div>\n\t\t\t\t<\/div>\n\t\t","protected":false},"excerpt":{"rendered":"<p>Assist. Assoc. Prof. Dr. Ne\u015fe Yoko Say\u0131nsu Instagram Twitter Linkedin Articles Proceedings Chapters in Books She was born in 1983 in Istanbul. She attended secondary and high school at Istanbul High School between 1994-2002. In 2007, he graduated from Istanbul University Faculty of Dentistry with the second degree and started orthodontics doctorate programme at Yeditepe &hellip;<\/p>\n<p class=\"read-more\"> <a class=\"\" href=\"https:\/\/sayinsudigital.com\/en\/about-us\/nese-yoko-sayinsu\/\"> <span class=\"screen-reader-text\">Ne\u015fe Yoko Say\u0131nsu<\/span> Read More &raquo;<\/a><\/p>\n","protected":false},"author":1,"featured_media":0,"parent":3772,"menu_order":0,"comment_status":"closed","ping_status":"closed","template":"","meta":{"site-sidebar-layout":"no-sidebar","site-content-layout":"page-builder","ast-site-content-layout":"full-width-container","site-content-style":"default","site-sidebar-style":"default","ast-global-header-display":"","ast-banner-title-visibility":"","ast-main-header-display":"","ast-hfb-above-header-display":"","ast-hfb-below-header-display":"","ast-hfb-mobile-header-display":"","site-post-title":"disabled","ast-breadcrumbs-content":"","ast-featured-img":"disabled","footer-sml-layout":"","theme-transparent-header-meta":"","adv-header-id-meta":"","stick-header-meta":"","header-above-stick-meta":"","header-main-stick-meta":"","header-below-stick-meta":"","astra-migrate-meta-layouts":"","ast-page-background-enabled":"default","ast-page-background-meta":{"desktop":{"background-color":"var(--ast-global-color-4)","background-image":"","background-repeat":"repeat","background-position":"center center","background-size":"auto","background-attachment":"scroll","background-type":"","background-media":"","overlay-type":"","overlay-color":"","overlay-gradient":""},"tablet":{"background-color":"","background-image":"","background-repeat":"repeat","background-position":"center center","background-size":"auto","background-attachment":"scroll","background-type":"","background-media":"","overlay-type":"","overlay-color":"","overlay-gradient":""},"mobile":{"background-color":"","background-image":"","background-repeat":"repeat","background-position":"center center","background-size":"auto","background-attachment":"scroll","background-type":"","background-media":"","overlay-type":"","overlay-color":"","overlay-gradient":""}},"ast-content-background-meta":{"desktop":{"background-color":"var(--ast-global-color-5)","background-image":"","background-repeat":"repeat","background-position":"center center","background-size":"auto","background-attachment":"scroll","background-type":"","background-media":"","overlay-type":"","overlay-color":"","overlay-gradient":""},"tablet":{"background-color":"var(--ast-global-color-5)","background-image":"","background-repeat":"repeat","background-position":"center center","background-size":"auto","background-attachment":"scroll","background-type":"","background-media":"","overlay-type":"","overlay-color":"","overlay-gradient":""},"mobile":{"background-color":"var(--ast-global-color-5)","background-image":"","background-repeat":"repeat","background-position":"center center","background-size":"auto","background-attachment":"scroll","background-type":"","background-media":"","overlay-type":"","overlay-color":"","overlay-gradient":""}},"footnotes":""},"class_list":["post-3768","page","type-page","status-publish","hentry"],"_links":{"self":[{"href":"https:\/\/sayinsudigital.com\/en\/wp-json\/wp\/v2\/pages\/3768","targetHints":{"allow":["GET"]}}],"collection":[{"href":"https:\/\/sayinsudigital.com\/en\/wp-json\/wp\/v2\/pages"}],"about":[{"href":"https:\/\/sayinsudigital.com\/en\/wp-json\/wp\/v2\/types\/page"}],"author":[{"embeddable":true,"href":"https:\/\/sayinsudigital.com\/en\/wp-json\/wp\/v2\/users\/1"}],"replies":[{"embeddable":true,"href":"https:\/\/sayinsudigital.com\/en\/wp-json\/wp\/v2\/comments?post=3768"}],"version-history":[{"count":0,"href":"https:\/\/sayinsudigital.com\/en\/wp-json\/wp\/v2\/pages\/3768\/revisions"}],"up":[{"embeddable":true,"href":"https:\/\/sayinsudigital.com\/en\/wp-json\/wp\/v2\/pages\/3772"}],"wp:attachment":[{"href":"https:\/\/sayinsudigital.com\/en\/wp-json\/wp\/v2\/media?parent=3768"}],"curies":[{"name":"wp","href":"https:\/\/api.w.org\/{rel}","templated":true}]}}