{"id":3753,"date":"2021-11-21T15:14:44","date_gmt":"2021-11-21T15:14:44","guid":{"rendered":"https:\/\/sayinsudigital.com\/contact\/"},"modified":"2024-11-21T10:49:49","modified_gmt":"2024-11-21T10:49:49","slug":"contact","status":"publish","type":"page","link":"https:\/\/sayinsudigital.com\/en\/contact\/","title":{"rendered":"Contact"},"content":{"rendered":"\t\t<div data-elementor-type=\"wp-page\" data-elementor-id=\"3753\" class=\"elementor elementor-3753\" data-elementor-post-type=\"page\">\n\t\t\t\t<div class=\"elementor-element elementor-element-c79c7b8 e-flex e-con-boxed e-con e-parent\" data-id=\"c79c7b8\" data-element_type=\"container\">\n\t\t\t\t\t<div class=\"e-con-inner\">\n\t\t<div class=\"elementor-element elementor-element-feab17e e-flex e-con-boxed e-con e-child\" data-id=\"feab17e\" data-element_type=\"container\" data-settings=\"{&quot;background_background&quot;:&quot;classic&quot;}\">\n\t\t\t\t\t<div class=\"e-con-inner\">\n\t\t<div class=\"elementor-element elementor-element-a815f43 e-con-full e-flex e-con e-child\" data-id=\"a815f43\" data-element_type=\"container\">\n\t\t\t\t<div class=\"elementor-element elementor-element-8907407 elementor-widget elementor-widget-ucaddon_gradient_text_effect\" data-id=\"8907407\" data-element_type=\"widget\" data-widget_type=\"ucaddon_gradient_text_effect.default\">\n\t\t\t\t<div class=\"elementor-widget-container\">\n\t\t\t\n<!-- start Gradient Text Effect -->\n<style>\/* widget: Gradient Text Effect *\/\n\n#uc_gradient_text_effect_elementor_8907407 .ue_gradient_text{\n  color: #005AC3;\n}\n\n@supports ((background-clip: text) or (-webkit-background-clip: text)) and ((text-fill-color: transparent) or (-webkit-text-fill-color: transparent)) {\n  #uc_gradient_text_effect_elementor_8907407 .ue_gradient_text{\n    background-image: linear-gradient(\n      90deg,\n      #005AC3 0%,\n      #2AA1F8 100%\n    );\n    background-size: cover;\n    -webkit-background-clip: text;\n    background-clip: text;\n    -webkit-text-fill-color: transparent;\n    text-fill-color: transparent;\n    display:inline-block;\n    \n  }\n  #uc_gradient_text_effect_elementor_8907407 .ue_gradient_text::selection {\n    -webkit-text-fill-color: #474747;\n  }\n}\n\n<\/style>\n\n<div id=\"uc_gradient_text_effect_elementor_8907407\" class=\"ue-text\">\n  <span class=\"ue_beginning_text\"> <\/span> \n  <span class=\"ue_gradient_text\"> Contact <br>Information: <\/span>\n  <span class=\"ue_ending_text\">  <\/span>\n<\/div>\n<!-- end Gradient Text Effect -->\t\t<\/div>\n\t\t\t\t<\/div>\n\t\t\t\t<div class=\"elementor-element elementor-element-3212d32 elementor-widget elementor-widget-spacer\" data-id=\"3212d32\" data-element_type=\"widget\" data-widget_type=\"spacer.default\">\n\t\t\t\t<div class=\"elementor-widget-container\">\n\t\t\t\t\t<div class=\"elementor-spacer\">\n\t\t\t<div class=\"elementor-spacer-inner\"><\/div>\n\t\t<\/div>\n\t\t\t\t<\/div>\n\t\t\t\t<\/div>\n\t\t\t\t<div class=\"elementor-element elementor-element-625eb77 elementor-widget elementor-widget-heading\" data-id=\"625eb77\" data-element_type=\"widget\" data-widget_type=\"heading.default\">\n\t\t\t\t<div class=\"elementor-widget-container\">\n\t\t\t<span class=\"elementor-heading-title elementor-size-default\"><a href=\"https:\/\/www.korkmazsayinsu.com\/\">www.korkmazsayinsu.com<\/a> | <a href=\"https:\/\/www.sayinsudortodonti.com\/\">www.sayinsuortodonti.com<\/a><\/span>\t\t<\/div>\n\t\t\t\t<\/div>\n\t\t\t\t<\/div>\n\t\t\t\t\t<\/div>\n\t\t\t\t<\/div>\n\t\t\t\t\t<\/div>\n\t\t\t\t<\/div>\n\t\t<div class=\"elementor-element elementor-element-3aee4a2 e-flex e-con-boxed e-con e-parent\" data-id=\"3aee4a2\" data-element_type=\"container\">\n\t\t\t\t\t<div class=\"e-con-inner\">\n\t\t<div class=\"elementor-element elementor-element-c501e6f e-con-full e-flex e-con e-child\" data-id=\"c501e6f\" data-element_type=\"container\" data-settings=\"{&quot;background_background&quot;:&quot;classic&quot;}\">\n\t\t<div class=\"elementor-element elementor-element-fb283dc e-con-full e-flex e-con e-child\" data-id=\"fb283dc\" data-element_type=\"container\">\n\t\t<div class=\"elementor-element elementor-element-8bed7bf e-con-full e-flex e-con e-child\" data-id=\"8bed7bf\" data-element_type=\"container\">\n\t\t<div class=\"elementor-element elementor-element-1476582 e-con-full e-flex e-con e-child\" data-id=\"1476582\" data-element_type=\"container\">\n\t\t\t\t<div class=\"elementor-element elementor-element-5555a15 elementor-widget elementor-widget-heading\" data-id=\"5555a15\" data-element_type=\"widget\" data-widget_type=\"heading.default\">\n\t\t\t\t<div class=\"elementor-widget-container\">\n\t\t\t<span class=\"elementor-heading-title elementor-size-default\">Contact us:<\/span>\t\t<\/div>\n\t\t\t\t<\/div>\n\t\t\t\t<div class=\"elementor-element elementor-element-7453863 elementor-widget elementor-widget-text-editor\" data-id=\"7453863\" data-element_type=\"widget\" data-widget_type=\"text-editor.default\">\n\t\t\t\t<div class=\"elementor-widget-container\">\n\t\t\t\t\t\t\t<p>You can contact us by filling out the form below and we will get back to you as soon as possible.<\/p>\t\t\t\t\t\t<\/div>\n\t\t\t\t<\/div>\n\t\t\t\t<\/div>\n\t\t<div class=\"elementor-element elementor-element-5f37644 e-con-full e-flex e-con e-child\" data-id=\"5f37644\" data-element_type=\"container\">\n\t\t\t\t<div class=\"elementor-element elementor-element-964267a elementor-widget elementor-widget-image\" data-id=\"964267a\" data-element_type=\"widget\" data-widget_type=\"image.default\">\n\t\t\t\t<div class=\"elementor-widget-container\">\n\t\t\t\t\t\t\t\t\t\t\t\t\t<img decoding=\"async\" width=\"152\" height=\"153\" src=\"https:\/\/sayinsudigital.com\/wp-content\/uploads\/2023\/12\/contimg.png\" class=\"attachment-full size-full wp-image-1465\" alt=\"\" srcset=\"https:\/\/sayinsudigital.com\/wp-content\/uploads\/2023\/12\/contimg.png 152w, https:\/\/sayinsudigital.com\/wp-content\/uploads\/2023\/12\/contimg-100x100.png 100w, https:\/\/sayinsudigital.com\/wp-content\/uploads\/2023\/12\/contimg-150x150.png 150w\" sizes=\"(max-width: 152px) 100vw, 152px\" \/>\t\t\t\t\t\t\t\t\t\t\t\t\t<\/div>\n\t\t\t\t<\/div>\n\t\t\t\t<\/div>\n\t\t\t\t<\/div>\n\t\t<div class=\"elementor-element elementor-element-7668c1f e-con-full e-flex e-con e-child\" data-id=\"7668c1f\" data-element_type=\"container\">\n\t\t\t\t<div class=\"elementor-element elementor-element-0d3ed2b elementor-button-align-start elementor-widget elementor-widget-form\" data-id=\"0d3ed2b\" data-element_type=\"widget\" data-settings=\"{&quot;button_width&quot;:&quot;33&quot;,&quot;step_type&quot;:&quot;number_text&quot;,&quot;step_icon_shape&quot;:&quot;circle&quot;}\" data-widget_type=\"form.default\">\n\t\t\t\t<div class=\"elementor-widget-container\">\n\t\t\t\t\t<form class=\"elementor-form\" method=\"post\" name=\"New Form\">\n\t\t\t<input type=\"hidden\" name=\"post_id\" value=\"3753\"\/>\n\t\t\t<input type=\"hidden\" name=\"form_id\" value=\"0d3ed2b\"\/>\n\t\t\t<input type=\"hidden\" name=\"referer_title\" value=\"\" \/>\n\n\t\t\t\n\t\t\t<div class=\"elementor-form-fields-wrapper elementor-labels-\">\n\t\t\t\t\t\t\t\t<div class=\"elementor-field-type-text elementor-field-group elementor-column elementor-field-group-name elementor-col-100\">\n\t\t\t\t\t\t\t\t\t\t\t\t<label for=\"form-field-name\" class=\"elementor-field-label elementor-screen-only\">\n\t\t\t\t\t\t\t\tName\t\t\t\t\t\t\t<\/label>\n\t\t\t\t\t\t\t\t\t\t\t\t\t\t<input size=\"1\" type=\"text\" name=\"form_fields[name]\" id=\"form-field-name\" class=\"elementor-field elementor-size-sm  elementor-field-textual\" placeholder=\"Name, Surname\">\n\t\t\t\t\t\t\t\t\t\t\t<\/div>\n\t\t\t\t\t\t\t\t<div class=\"elementor-field-type-email elementor-field-group elementor-column elementor-field-group-email elementor-col-50 elementor-field-required\">\n\t\t\t\t\t\t\t\t\t\t\t\t<label for=\"form-field-email\" class=\"elementor-field-label elementor-screen-only\">\n\t\t\t\t\t\t\t\tEmail\t\t\t\t\t\t\t<\/label>\n\t\t\t\t\t\t\t\t\t\t\t\t\t\t<input size=\"1\" type=\"email\" name=\"form_fields[email]\" id=\"form-field-email\" class=\"elementor-field elementor-size-sm  elementor-field-textual\" placeholder=\"E-mail\" required=\"required\" aria-required=\"true\">\n\t\t\t\t\t\t\t\t\t\t\t<\/div>\n\t\t\t\t\t\t\t\t<div class=\"elementor-field-type-tel elementor-field-group elementor-column elementor-field-group-field_2a1c87d elementor-col-50 elementor-field-required\">\n\t\t\t\t\t\t\t\t\t\t\t\t<label for=\"form-field-field_2a1c87d\" class=\"elementor-field-label elementor-screen-only\">\n\t\t\t\t\t\t\t\tTel\t\t\t\t\t\t\t<\/label>\n\t\t\t\t\t\t\t\t<input size=\"1\" type=\"tel\" name=\"form_fields[field_2a1c87d]\" id=\"form-field-field_2a1c87d\" class=\"elementor-field elementor-size-sm  elementor-field-textual\" placeholder=\"Phone Number\" required=\"required\" aria-required=\"true\" pattern=\"[0-9()#&amp;+*-=.]+\" title=\"Only numbers and phone characters (#, -, *, etc) are accepted.\">\n\n\t\t\t\t\t\t<\/div>\n\t\t\t\t\t\t\t\t<div class=\"elementor-field-group elementor-column elementor-field-type-submit elementor-col-33 e-form__buttons\">\n\t\t\t\t\t<button type=\"submit\" class=\"elementor-button elementor-size-sm\">\n\t\t\t\t\t\t<span >\n\t\t\t\t\t\t\t\t\t\t\t\t\t\t\t<span class=\" elementor-button-icon\">\n\t\t\t\t\t\t\t\t\t\t\t\t\t\t\t\t\t\t\t\t\t\t\t\t\t\t<\/span>\n\t\t\t\t\t\t\t\t\t\t\t\t\t\t\t\t\t\t\t\t\t\t<span class=\"elementor-button-text\">Submit<\/span>\n\t\t\t\t\t\t\t\t\t\t\t\t\t<\/span>\n\t\t\t\t\t<\/button>\n\t\t\t\t<\/div>\n\t\t\t<\/div>\n\t\t<\/form>\n\t\t\t\t<\/div>\n\t\t\t\t<\/div>\n\t\t\t\t<\/div>\n\t\t\t\t<\/div>\n\t\t\t\t<\/div>\n\t\t\t\t\t<\/div>\n\t\t\t\t<\/div>\n\t\t<div class=\"elementor-element elementor-element-56fb6a7 e-flex e-con-boxed e-con e-parent\" data-id=\"56fb6a7\" data-element_type=\"container\">\n\t\t\t\t\t<div class=\"e-con-inner\">\n\t\t<div class=\"elementor-element elementor-element-3d2b803 e-con-full e-flex e-con e-child\" data-id=\"3d2b803\" data-element_type=\"container\">\n\t\t\t\t<div class=\"elementor-element elementor-element-7987f85 elementor-widget elementor-widget-heading\" data-id=\"7987f85\" data-element_type=\"widget\" data-widget_type=\"heading.default\">\n\t\t\t\t<div class=\"elementor-widget-container\">\n\t\t\t<p class=\"elementor-heading-title elementor-size-default\">To get information:<\/p>\t\t<\/div>\n\t\t\t\t<\/div>\n\t\t\t\t<div class=\"elementor-element elementor-element-4a25ea9 elementor-widget elementor-widget-heading\" data-id=\"4a25ea9\" data-element_type=\"widget\" data-widget_type=\"heading.default\">\n\t\t\t\t<div class=\"elementor-widget-container\">\n\t\t\t<span class=\"elementor-heading-title elementor-size-default\"><a href=\"tel:905076241210\">Phone: +90 507 624 1210<\/a><\/span>\t\t<\/div>\n\t\t\t\t<\/div>\n\t\t\t\t<div class=\"elementor-element elementor-element-38201e3 elementor-widget elementor-widget-spacer\" data-id=\"38201e3\" data-element_type=\"widget\" data-widget_type=\"spacer.default\">\n\t\t\t\t<div class=\"elementor-widget-container\">\n\t\t\t\t\t<div class=\"elementor-spacer\">\n\t\t\t<div class=\"elementor-spacer-inner\"><\/div>\n\t\t<\/div>\n\t\t\t\t<\/div>\n\t\t\t\t<\/div>\n\t\t\t\t<div class=\"elementor-element elementor-element-88a09af elementor-widget elementor-widget-heading\" data-id=\"88a09af\" data-element_type=\"widget\" data-widget_type=\"heading.default\">\n\t\t\t\t<div class=\"elementor-widget-container\">\n\t\t\t<p class=\"elementor-heading-title elementor-size-default\">Address:<\/p>\t\t<\/div>\n\t\t\t\t<\/div>\n\t\t\t\t<div class=\"elementor-element elementor-element-818c3d5 elementor-widget elementor-widget-heading\" data-id=\"818c3d5\" data-element_type=\"widget\" data-widget_type=\"heading.default\">\n\t\t\t\t<div class=\"elementor-widget-container\">\n\t\t\t<span class=\"elementor-heading-title elementor-size-default\">Fenerbah\u00e7e Mah. Operat\u00f6r Cemil Topuzlu cad. No:31 D:5 34726 Kad\u0131k\u00f6y-\u0130stanbul<\/span>\t\t<\/div>\n\t\t\t\t<\/div>\n\t\t\t\t<div class=\"elementor-element elementor-element-1b65c33 elementor-widget elementor-widget-spacer\" data-id=\"1b65c33\" data-element_type=\"widget\" data-widget_type=\"spacer.default\">\n\t\t\t\t<div class=\"elementor-widget-container\">\n\t\t\t\t\t<div class=\"elementor-spacer\">\n\t\t\t<div class=\"elementor-spacer-inner\"><\/div>\n\t\t<\/div>\n\t\t\t\t<\/div>\n\t\t\t\t<\/div>\n\t\t\t\t<div class=\"elementor-element elementor-element-f7d133a elementor-widget elementor-widget-heading\" data-id=\"f7d133a\" data-element_type=\"widget\" data-widget_type=\"heading.default\">\n\t\t\t\t<div class=\"elementor-widget-container\">\n\t\t\t<p class=\"elementor-heading-title elementor-size-default\">E-mail:<\/p>\t\t<\/div>\n\t\t\t\t<\/div>\n\t\t\t\t<div class=\"elementor-element elementor-element-a2d3eff elementor-widget elementor-widget-heading\" data-id=\"a2d3eff\" data-element_type=\"widget\" data-widget_type=\"heading.default\">\n\t\t\t\t<div class=\"elementor-widget-container\">\n\t\t\t<span class=\"elementor-heading-title elementor-size-default\"><a href=\"mailto:info@sayinsudigital.com\">info@sayinsudigital.com<\/a><\/span>\t\t<\/div>\n\t\t\t\t<\/div>\n\t\t\t\t<\/div>\n\t\t\t\t\t<\/div>\n\t\t\t\t<\/div>\n\t\t<div class=\"elementor-element elementor-element-db784cf e-con-full elementor-hidden-mobile e-flex e-con e-parent\" data-id=\"db784cf\" data-element_type=\"container\">\n\t\t\t\t<\/div>\n\t\t\t\t<\/div>\n\t\t","protected":false},"excerpt":{"rendered":"<p>Contact Information: www.korkmazsayinsu.com | www.sayinsuortodonti.com Contact us: You can contact us by filling out the form below and we will get back to you as soon as possible. To get information: Phone: +90 507 624 1210 Address: Fenerbah\u00e7e Mah. Operat\u00f6r Cemil Topuzlu cad. No:31 D:5 34726 Kad\u0131k\u00f6y-\u0130stanbul E-mail: info@sayinsudigital.com<\/p>\n","protected":false},"author":1,"featured_media":0,"parent":0,"menu_order":0,"comment_status":"closed","ping_status":"closed","template":"","meta":{"site-sidebar-layout":"no-sidebar","site-content-layout":"page-builder","ast-site-content-layout":"full-width-container","site-content-style":"unboxed","site-sidebar-style":"default","ast-global-header-display":"","ast-banner-title-visibility":"","ast-main-header-display":"","ast-hfb-above-header-display":"","ast-hfb-below-header-display":"","ast-hfb-mobile-header-display":"","site-post-title":"disabled","ast-breadcrumbs-content":"","ast-featured-img":"disabled","footer-sml-layout":"","theme-transparent-header-meta":"enabled","adv-header-id-meta":"","stick-header-meta":"","header-above-stick-meta":"","header-main-stick-meta":"","header-below-stick-meta":"","astra-migrate-meta-layouts":"set","ast-page-background-enabled":"default","ast-page-background-meta":{"desktop":{"background-color":"var(--ast-global-color-4)","background-image":"","background-repeat":"repeat","background-position":"center center","background-size":"auto","background-attachment":"scroll","background-type":"","background-media":"","overlay-type":"","overlay-color":"","overlay-gradient":""},"tablet":{"background-color":"","background-image":"","background-repeat":"repeat","background-position":"center center","background-size":"auto","background-attachment":"scroll","background-type":"","background-media":"","overlay-type":"","overlay-color":"","overlay-gradient":""},"mobile":{"background-color":"","background-image":"","background-repeat":"repeat","background-position":"center center","background-size":"auto","background-attachment":"scroll","background-type":"","background-media":"","overlay-type":"","overlay-color":"","overlay-gradient":""}},"ast-content-background-meta":{"desktop":{"background-color":"var(--ast-global-color-5)","background-image":"","background-repeat":"repeat","background-position":"center center","background-size":"auto","background-attachment":"scroll","background-type":"","background-media":"","overlay-type":"","overlay-color":"","overlay-gradient":""},"tablet":{"background-color":"var(--ast-global-color-5)","background-image":"","background-repeat":"repeat","background-position":"center center","background-size":"auto","background-attachment":"scroll","background-type":"","background-media":"","overlay-type":"","overlay-color":"","overlay-gradient":""},"mobile":{"background-color":"var(--ast-global-color-5)","background-image":"","background-repeat":"repeat","background-position":"center center","background-size":"auto","background-attachment":"scroll","background-type":"","background-media":"","overlay-type":"","overlay-color":"","overlay-gradient":""}},"footnotes":""},"class_list":["post-3753","page","type-page","status-publish","hentry"],"_links":{"self":[{"href":"https:\/\/sayinsudigital.com\/en\/wp-json\/wp\/v2\/pages\/3753","targetHints":{"allow":["GET"]}}],"collection":[{"href":"https:\/\/sayinsudigital.com\/en\/wp-json\/wp\/v2\/pages"}],"about":[{"href":"https:\/\/sayinsudigital.com\/en\/wp-json\/wp\/v2\/types\/page"}],"author":[{"embeddable":true,"href":"https:\/\/sayinsudigital.com\/en\/wp-json\/wp\/v2\/users\/1"}],"replies":[{"embeddable":true,"href":"https:\/\/sayinsudigital.com\/en\/wp-json\/wp\/v2\/comments?post=3753"}],"version-history":[{"count":0,"href":"https:\/\/sayinsudigital.com\/en\/wp-json\/wp\/v2\/pages\/3753\/revisions"}],"wp:attachment":[{"href":"https:\/\/sayinsudigital.com\/en\/wp-json\/wp\/v2\/media?parent=3753"}],"curies":[{"name":"wp","href":"https:\/\/api.w.org\/{rel}","templated":true}]}}